{"id":2122,"date":"2026-01-27T18:38:50","date_gmt":"2026-01-27T18:38:50","guid":{"rendered":"https:\/\/prawojazdy-express.fr\/?page_id=2122"},"modified":"2026-01-27T19:55:12","modified_gmt":"2026-01-27T19:55:12","slug":"mentions-legales","status":"publish","type":"page","link":"https:\/\/prawojazdy-express.fr\/pl\/mentions-legales\/","title":{"rendered":"Informacje prawne"},"content":{"rendered":"\t\t<div data-elementor-type=\"wp-page\" data-elementor-id=\"2122\" class=\"elementor elementor-2122\" data-elementor-post-type=\"page\">\n\t\t\t\t\t\t<section class=\"elementor-section elementor-top-section elementor-element elementor-element-0d5af8e permis-pologne elementor-section-boxed elementor-section-height-default elementor-section-height-default wpr-particle-no wpr-jarallax-no wpr-parallax-no wpr-sticky-section-no wpr-equal-height-no\" data-id=\"0d5af8e\" data-element_type=\"section\" data-e-type=\"section\">\n\t\t\t\t\t\t<div class=\"elementor-container elementor-column-gap-default\">\n\t\t\t\t\t<div class=\"elementor-column elementor-col-100 elementor-top-column elementor-element elementor-element-8e10e75\" data-id=\"8e10e75\" data-element_type=\"column\" data-e-type=\"column\" data-settings=\"{&quot;background_background&quot;:&quot;classic&quot;}\">\n\t\t\t<div class=\"elementor-widget-wrap elementor-element-populated\">\n\t\t\t\t\t\t<section class=\"elementor-section elementor-inner-section elementor-element elementor-element-cf185da elementor-section-boxed elementor-section-height-default elementor-section-height-default wpr-particle-no wpr-jarallax-no wpr-parallax-no wpr-sticky-section-no wpr-equal-height-no\" data-id=\"cf185da\" data-element_type=\"section\" data-e-type=\"section\">\n\t\t\t\t\t\t<div class=\"elementor-container elementor-column-gap-default\">\n\t\t\t\t\t<div class=\"elementor-column elementor-col-100 elementor-inner-column elementor-element elementor-element-c0d87cf\" data-id=\"c0d87cf\" data-element_type=\"column\" data-e-type=\"column\">\n\t\t\t<div class=\"elementor-widget-wrap elementor-element-populated\">\n\t\t\t\t\t\t<div class=\"elementor-element elementor-element-781d72e elementor-widget elementor-widget-heading\" data-id=\"781d72e\" data-element_type=\"widget\" data-e-type=\"widget\" data-widget_type=\"heading.default\">\n\t\t\t\t\t<h2 class=\"elementor-heading-title elementor-size-default\">Mentions L\u00e9gales\n<\/h2>\t\t\t\t<\/div>\n\t\t\t\t<div class=\"elementor-element elementor-element-e9fca3d elementor-widget elementor-widget-text-editor\" data-id=\"e9fca3d\" data-element_type=\"widget\" data-e-type=\"widget\" data-widget_type=\"text-editor.default\">\n\t\t\t\t\t\t\t\t\t<p data-start=\"229\" data-end=\"286\">Effectuez votre demande de permis en toute simplicit\u00e9<\/p>\t\t\t\t\t\t\t\t<\/div>\n\t\t\t\t<div class=\"elementor-element elementor-element-57e86af elementor-widget elementor-widget-html\" data-id=\"57e86af\" data-element_type=\"widget\" data-e-type=\"widget\" data-widget_type=\"html.default\">\n\t\t\t\t\t<div class=\"legal-notice\" style=\"max-width: 1200px; margin: 0 auto; font-family: Arial, sans-serif; line-height: 1.5; color: #333; padding: 15px;\">\r\n    \r\n    \r\n    <div style=\"margin-bottom: 20px;\">\r\n        <h2 style=\"color: #4540DB; font-size: 18px; margin-bottom: 10px;\">1. \u00c9diteur du site<\/h2>\r\n        <div style=\"background: #f8f9fa; padding: 15px; border-radius: 8px; font-size: 14px;\">\r\n            <p style=\"margin: 0 0 8px 0;\"><strong>Raison sociale :<\/strong> prawojazdy-express.fr<\/p>\r\n            <p style=\"margin: 0 0 8px 0;\"><strong>Forme juridique :<\/strong> [Votre forme juridique]<\/p>\r\n            <p style=\"margin: 0 0 8px 0;\"><strong>Adresse :<\/strong> Ul. Nowy \u015awiat 15\/7, 00-001 Varsovie, Pologne<\/p>\r\n            <p style=\"margin: 0 0 8px 0;\"><strong>N\u00b0 d'identification :<\/strong> 08827015<\/p>\r\n            <p style=\"margin: 0 0 8px 0;\"><strong>Email :<\/strong> kontakt@prawojazdy-express.fr<\/p>\r\n            <p style=\"margin: 0;\"><strong>T\u00e9l\u00e9phone :<\/strong> [Votre num\u00e9ro de t\u00e9l\u00e9phone]<\/p>\r\n        <\/div>\r\n    <\/div>\r\n    \r\n    <div style=\"margin-bottom: 20px;\">\r\n        <h2 style=\"color: #4540DB; font-size: 18px; margin-bottom: 10px;\">2. H\u00e9bergement<\/h2>\r\n        <div style=\"font-size: 14px;\">\r\n            <p style=\"margin: 0 0 10px 0;\"><strong>H\u00e9bergeur :<\/strong> [Nom de votre h\u00e9bergeur]<\/p>\r\n            <p style=\"margin: 0 0 5px 0;\"><strong>Adresse :<\/strong> [Adresse de l'h\u00e9bergeur]<\/p>\r\n            <p style=\"margin: 0;\"><strong>Site web :<\/strong> <a href=\"[URL h\u00e9bergeur]\" style=\"color: #4540DB;\">[URL h\u00e9bergeur]<\/a><\/p>\r\n        <\/div>\r\n    <\/div>\r\n    \r\n    <div style=\"margin-bottom: 20px;\">\r\n        <h2 style=\"color: #4540DB; font-size: 18px; margin-bottom: 10px;\">3. Activit\u00e9<\/h2>\r\n        <div style=\"font-size: 14px;\">\r\n            <p style=\"margin: 0 0 10px 0;\"><strong>prawojazdy-express.fr<\/strong> est un service de traitement et de d\u00e9livrance de permis de conduire internationaux.<\/p>\r\n            <div style=\"background: #f0f7ff; padding: 12px; border-radius: 8px;\">\r\n                <p style=\"margin: 0; font-weight: bold; color: #4540DB;\">Domaine d'activit\u00e9 :<\/p>\r\n                <p style=\"margin: 5px 0 0 0;\">Services administratifs pour permis de conduire internationaux<\/p>\r\n            <\/div>\r\n        <\/div>\r\n    <\/div>\r\n    \r\n    <div style=\"margin-bottom: 20px;\">\r\n        <h2 style=\"color: #4540DB; font-size: 18px; margin-bottom: 10px;\">4. Propri\u00e9t\u00e9 intellectuelle<\/h2>\r\n        <div style=\"font-size: 14px;\">\r\n            <p style=\"margin: 0 0 10px 0;\">L'ensemble du contenu de ce site (textes, images, logo, design) est la propri\u00e9t\u00e9 exclusive de prawojazdy-express.fr.<\/p>\r\n            <div style=\"background: #fff3e0; padding: 12px; border-radius: 8px;\">\r\n                <p style=\"margin: 0;\"><strong>\u26a0\ufe0f Attention :<\/strong> Toute reproduction sans autorisation est interdite et constitue une contrefa\u00e7on.<\/p>\r\n            <\/div>\r\n        <\/div>\r\n    <\/div>\r\n    \r\n    <div style=\"margin-bottom: 20px;\">\r\n        <h2 style=\"color: #4540DB; font-size: 18px; margin-bottom: 10px;\">5. Protection des donn\u00e9es<\/h2>\r\n        <div style=\"font-size: 14px;\">\r\n            <p style=\"margin: 0 0 10px 0;\">Nos pratiques en mati\u00e8re de protection des donn\u00e9es sont d\u00e9taill\u00e9es dans notre <a href=\"\/politique-confidentialite\" style=\"color: #4540DB;\">Politique de Confidentialit\u00e9<\/a>.<\/p>\r\n            <div style=\"display: flex; align-items: center; background: #e8f5e9; padding: 12px; border-radius: 8px;\">\r\n                <div style=\"font-size: 20px; margin-right: 10px;\">\u2705<\/div>\r\n                <div>\r\n                    <p style=\"margin: 0; font-weight: bold;\">Conforme RGPD<\/p>\r\n                    <p style=\"margin: 5px 0 0 0; font-size: 13px;\">Vos donn\u00e9es sont prot\u00e9g\u00e9es selon le r\u00e8glement europ\u00e9en<\/p>\r\n                <\/div>\r\n            <\/div>\r\n        <\/div>\r\n    <\/div>\r\n    \r\n    <div style=\"margin-bottom: 20px;\">\r\n        <h2 style=\"color: #4540DB; font-size: 18px; margin-bottom: 10px;\">6. Responsabilit\u00e9<\/h2>\r\n        <div style=\"font-size: 14px; background: #f8f9fa; padding: 15px; border-radius: 8px;\">\r\n            <p style=\"margin: 0 0 10px 0;\">Nous nous effor\u00e7ons de fournir des informations exactes et \u00e0 jour. Cependant, nous ne pouvons garantir l'exactitude compl\u00e8te des informations.<\/p>\r\n            <p style=\"margin: 0;\"><strong>Les informations fournies sont \u00e0 titre indicatif et ne constituent pas un conseil juridique.<\/strong><\/p>\r\n        <\/div>\r\n    <\/div>\r\n    \r\n    <div style=\"margin-bottom: 20px;\">\r\n        <h2 style=\"color: #4540DB; font-size: 18px; margin-bottom: 10px;\">7. Conditions g\u00e9n\u00e9rales de vente<\/h2>\r\n        <div style=\"font-size: 14px;\">\r\n            <p style=\"margin: 0 0 10px 0;\">Nos Conditions G\u00e9n\u00e9rales de Vente sont disponibles sur demande et r\u00e9gissent l'ensemble de nos relations commerciales.<\/p>\r\n            <div style=\"display: grid; grid-template-columns: 1fr 1fr; gap: 10px; margin-top: 10px;\">\r\n                <div style=\"padding: 10px; background: #f0f7ff; border-radius: 6px; text-align: center;\">\r\n                    <div style=\"font-weight: bold; color: #4540DB;\">D\u00e9lai de r\u00e9tractation<\/div>\r\n                    <div style=\"font-size: 13px;\">14 jours selon la loi<\/div>\r\n                <\/div>\r\n                <div style=\"padding: 10px; background: #f0f7ff; border-radius: 6px; text-align: center;\">\r\n                    <div style=\"font-weight: bold; color: #4540DB;\">Paiements s\u00e9curis\u00e9s<\/div>\r\n                    <div style=\"font-size: 13px;\">Transactions crypt\u00e9es<\/div>\r\n                <\/div>\r\n            <\/div>\r\n        <\/div>\r\n    <\/div>\r\n    \r\n    <div style=\"margin-bottom: 20px;\">\r\n        <h2 style=\"color: #4540DB; font-size: 18px; margin-bottom: 10px;\">8. Litiges<\/h2>\r\n        <div style=\"font-size: 14px;\">\r\n            <p style=\"margin: 0 0 10px 0;\">En cas de litige, une solution amiable sera recherch\u00e9e prioritairement.<\/p>\r\n            <div style=\"background: #ffebee; padding: 12px; border-radius: 8px;\">\r\n                <p style=\"margin: 0; font-weight: bold; color: #d32f2f;\">Loi applicable :<\/p>\r\n                <p style=\"margin: 5px 0 0 0;\">Droit polonais et europ\u00e9en<\/p>\r\n            <\/div>\r\n        <\/div>\r\n    <\/div>\r\n    \r\n    <div style=\"margin-bottom: 20px;\">\r\n        <h2 style=\"color: #4540DB; font-size: 18px; margin-bottom: 10px;\">9. Contact l\u00e9gal<\/h2>\r\n        <div style=\"font-size: 14px; background: #f8f9fa; padding: 15px; border-radius: 8px;\">\r\n            <p style=\"margin: 0 0 10px 0;\"><strong>Pour toute question l\u00e9gale :<\/strong><\/p>\r\n            <p style=\"margin: 0 0 5px 0;\">\ud83d\udce7 kontakt@prawojazdy-express.fr<\/p>\r\n            <p style=\"margin: 0 0 5px 0;\">\ud83d\udccd Ul. Nowy \u015awiat 15\/7, 00-001 Varsovie, Pologne<\/p>\r\n            <p style=\"margin: 0;\">\ud83d\udcde [Votre num\u00e9ro de t\u00e9l\u00e9phone]<\/p>\r\n        <\/div>\r\n    <\/div>\r\n    \r\n    <div style=\"text-align: center; padding: 15px; background: #f8f9fa; border-radius: 8px; margin-top: 25px; font-size: 12px; color: #666;\">\r\n        <p style=\"margin: 0;\">Consultez \u00e9galement notre <a href=\"\/politique-confidentialite\" style=\"color: #4540DB; text-decoration: none;\">Politique de Confidentialit\u00e9<\/a><\/p>\r\n        <p style=\"margin: 5px 0 0 0;\">\u00a9 2026 PRAWOJAZDY-EXPRESS.FR \u2013 Tous droits r\u00e9serv\u00e9s<\/p>\r\n    <\/div>\r\n    \r\n<\/div>\r\n\r\n<style>\r\n@media (max-width: 768px) {\r\n    .legal-notice {\r\n        padding: 10px;\r\n    }\r\n    .legal-notice > div {\r\n        margin-bottom: 15px !important;\r\n    }\r\n    .legal-notice .grid-2 {\r\n        grid-template-columns: 1fr !important;\r\n    }\r\n}\r\n<\/style>\t\t\t\t<\/div>\n\t\t\t\t<section class=\"elementor-section elementor-inner-section elementor-element elementor-element-88a3127 elementor-section-boxed elementor-section-height-default elementor-section-height-default wpr-particle-no wpr-jarallax-no wpr-parallax-no wpr-sticky-section-no wpr-equal-height-no\" data-id=\"88a3127\" data-element_type=\"section\" data-e-type=\"section\">\n\t\t\t\t\t\t<div class=\"elementor-container elementor-column-gap-default\">\n\t\t\t\t\t<div class=\"elementor-column elementor-col-100 elementor-inner-column elementor-element elementor-element-b936e3d\" data-id=\"b936e3d\" data-element_type=\"column\" data-e-type=\"column\">\n\t\t\t<div class=\"elementor-widget-wrap\">\n\t\t\t\t\t\t\t<\/div>\n\t\t<\/div>\n\t\t\t\t\t<\/div>\n\t\t<\/section>\n\t\t\t\t<section class=\"elementor-section elementor-inner-section elementor-element elementor-element-1f8899d elementor-section-boxed elementor-section-height-default elementor-section-height-default wpr-particle-no wpr-jarallax-no wpr-parallax-no wpr-sticky-section-no wpr-equal-height-no\" data-id=\"1f8899d\" data-element_type=\"section\" data-e-type=\"section\">\n\t\t\t\t\t\t<div class=\"elementor-container elementor-column-gap-default\">\n\t\t\t\t\t<div class=\"elementor-column elementor-col-100 elementor-inner-column elementor-element elementor-element-5e18569\" data-id=\"5e18569\" data-element_type=\"column\" data-e-type=\"column\">\n\t\t\t<div class=\"elementor-widget-wrap\">\n\t\t\t\t\t\t\t<\/div>\n\t\t<\/div>\n\t\t\t\t\t<\/div>\n\t\t<\/section>\n\t\t\t\t\t<\/div>\n\t\t<\/div>\n\t\t\t\t\t<\/div>\n\t\t<\/section>\n\t\t\t\t\t<\/div>\n\t\t<\/div>\n\t\t\t\t\t<\/div>\n\t\t<\/section>\n\t\t\t\t<section class=\"elementor-section elementor-top-section elementor-element elementor-element-49292e3 elementor-section-boxed elementor-section-height-default elementor-section-height-default wpr-particle-no wpr-jarallax-no wpr-parallax-no wpr-sticky-section-no wpr-equal-height-no\" data-id=\"49292e3\" data-element_type=\"section\" data-e-type=\"section\">\n\t\t\t\t\t\t<div class=\"elementor-container elementor-column-gap-default\">\n\t\t\t\t\t<div class=\"elementor-column elementor-col-100 elementor-top-column elementor-element elementor-element-2fce13f\" data-id=\"2fce13f\" data-element_type=\"column\" data-e-type=\"column\">\n\t\t\t<div class=\"elementor-widget-wrap elementor-element-populated\">\n\t\t\t\t\t\t<div class=\"elementor-element elementor-element-71eea6e elementor-widget elementor-widget-heading\" data-id=\"71eea6e\" data-element_type=\"widget\" data-e-type=\"widget\" data-widget_type=\"heading.default\">\n\t\t\t\t\t<h2 class=\"elementor-heading-title elementor-size-default\">Contactez-nous !<\/h2>\t\t\t\t<\/div>\n\t\t\t\t\t<\/div>\n\t\t<\/div>\n\t\t\t\t\t<\/div>\n\t\t<\/section>\n\t\t\t\t<\/div>\n\t\t","protected":false},"excerpt":{"rendered":"<p>Mentions L\u00e9gales Effectuez votre demande de permis en toute simplicit\u00e9 1. \u00c9diteur du site Raison sociale : prawojazdy-express.fr Forme juridique : [Votre forme juridique] Adresse : Ul. Nowy \u015awiat 15\/7, 00-001 Varsovie, Pologne N\u00b0 d&#8217;identification : 08827015 Email : kontakt@prawojazdy-express.fr T\u00e9l\u00e9phone : [Votre num\u00e9ro de t\u00e9l\u00e9phone] 2. H\u00e9bergement H\u00e9bergeur : [Nom de votre h\u00e9bergeur] Adresse : [Adresse de l&#8217;h\u00e9bergeur] Site web : [URL h\u00e9bergeur] 3. Activit\u00e9 prawojazdy-express.fr est un service de traitement et de d\u00e9livrance de permis de conduire internationaux. Domaine d&#8217;activit\u00e9 : Services administratifs pour permis de conduire internationaux 4. Propri\u00e9t\u00e9 intellectuelle L&#8217;ensemble du contenu de ce site (textes, images, logo, design) est la propri\u00e9t\u00e9 exclusive de prawojazdy-express.fr. \u26a0\ufe0f Attention : Toute reproduction sans autorisation est interdite et constitue une contrefa\u00e7on. 5. Protection des donn\u00e9es Nos pratiques en mati\u00e8re de protection des donn\u00e9es sont d\u00e9taill\u00e9es dans notre Politique de Confidentialit\u00e9. \u2705 Conforme RGPD Vos donn\u00e9es sont prot\u00e9g\u00e9es selon le r\u00e8glement europ\u00e9en 6. Responsabilit\u00e9 Nous nous effor\u00e7ons de fournir des informations exactes et \u00e0 jour. Cependant, nous ne pouvons garantir l&#8217;exactitude compl\u00e8te des informations. Les informations fournies sont \u00e0 titre indicatif et ne constituent pas un conseil juridique. 7. Conditions g\u00e9n\u00e9rales de vente Nos Conditions G\u00e9n\u00e9rales de Vente sont disponibles sur demande et r\u00e9gissent l&#8217;ensemble de nos relations commerciales. D\u00e9lai de r\u00e9tractation 14 jours selon la loi Paiements s\u00e9curis\u00e9s Transactions crypt\u00e9es 8. Litiges En cas de litige, une solution amiable sera recherch\u00e9e prioritairement. Loi applicable : Droit polonais et europ\u00e9en 9. Contact l\u00e9gal Pour toute question l\u00e9gale : \ud83d\udce7 kontakt@prawojazdy-express.fr \ud83d\udccd Ul. Nowy \u015awiat 15\/7, 00-001 Varsovie, Pologne \ud83d\udcde [Votre num\u00e9ro de t\u00e9l\u00e9phone] Consultez \u00e9galement notre Politique de Confidentialit\u00e9 \u00a9 2026 PRAWOJAZDY-EXPRESS.FR \u2013 Tous droits r\u00e9serv\u00e9s Contactez-nous !<\/p>\n","protected":false},"author":1,"featured_media":0,"parent":0,"menu_order":0,"comment_status":"closed","ping_status":"closed","template":"elementor_canvas","meta":{"footnotes":""},"class_list":["post-2122","page","type-page","status-publish","hentry"],"yoast_head":"<!-- This site is optimized with the Yoast SEO Premium plugin v26.2 (Yoast SEO v27.3) - https:\/\/yoast.com\/product\/yoast-seo-premium-wordpress\/ -->\n<title>Mentions L\u00e9gales - prawojazdy-express<\/title>\n<meta name=\"robots\" content=\"index, follow, max-snippet:-1, max-image-preview:large, max-video-preview:-1\" \/>\n<link rel=\"canonical\" href=\"https:\/\/red-jaguar-161280.hostingersite.com\/mentions-legales\/\" \/>\n<meta property=\"og:locale\" content=\"pl_PL\" \/>\n<meta property=\"og:type\" content=\"article\" \/>\n<meta property=\"og:title\" content=\"Mentions L\u00e9gales\" \/>\n<meta property=\"og:description\" content=\"Mentions L\u00e9gales Effectuez votre demande de permis en toute simplicit\u00e9 1. \u00c9diteur du site Raison sociale : prawojazdy-express.fr Forme juridique : [Votre forme juridique] Adresse : Ul. Nowy \u015awiat 15\/7, 00-001 Varsovie, Pologne N\u00b0 d&#8217;identification : 08827015 Email : kontakt@prawojazdy-express.fr T\u00e9l\u00e9phone : [Votre num\u00e9ro de t\u00e9l\u00e9phone] 2. H\u00e9bergement H\u00e9bergeur : [Nom de votre h\u00e9bergeur] Adresse : [Adresse de l&#8217;h\u00e9bergeur] Site web : [URL h\u00e9bergeur] 3. Activit\u00e9 prawojazdy-express.fr est un service de traitement et de d\u00e9livrance de permis de conduire internationaux. Domaine d&#8217;activit\u00e9 : Services administratifs pour permis de conduire internationaux 4. Propri\u00e9t\u00e9 intellectuelle L&#8217;ensemble du contenu de ce site (textes, images, logo, design) est la propri\u00e9t\u00e9 exclusive de prawojazdy-express.fr. \u26a0\ufe0f Attention : Toute reproduction sans autorisation est interdite et constitue une contrefa\u00e7on. 5. Protection des donn\u00e9es Nos pratiques en mati\u00e8re de protection des donn\u00e9es sont d\u00e9taill\u00e9es dans notre Politique de Confidentialit\u00e9. \u2705 Conforme RGPD Vos donn\u00e9es sont prot\u00e9g\u00e9es selon le r\u00e8glement europ\u00e9en 6. Responsabilit\u00e9 Nous nous effor\u00e7ons de fournir des informations exactes et \u00e0 jour. Cependant, nous ne pouvons garantir l&#8217;exactitude compl\u00e8te des informations. Les informations fournies sont \u00e0 titre indicatif et ne constituent pas un conseil juridique. 7. Conditions g\u00e9n\u00e9rales de vente Nos Conditions G\u00e9n\u00e9rales de Vente sont disponibles sur demande et r\u00e9gissent l&#8217;ensemble de nos relations commerciales. D\u00e9lai de r\u00e9tractation 14 jours selon la loi Paiements s\u00e9curis\u00e9s Transactions crypt\u00e9es 8. Litiges En cas de litige, une solution amiable sera recherch\u00e9e prioritairement. Loi applicable : Droit polonais et europ\u00e9en 9. Contact l\u00e9gal Pour toute question l\u00e9gale : \ud83d\udce7 kontakt@prawojazdy-express.fr \ud83d\udccd Ul. Nowy \u015awiat 15\/7, 00-001 Varsovie, Pologne \ud83d\udcde [Votre num\u00e9ro de t\u00e9l\u00e9phone] Consultez \u00e9galement notre Politique de Confidentialit\u00e9 \u00a9 2026 PRAWOJAZDY-EXPRESS.FR \u2013 Tous droits r\u00e9serv\u00e9s Contactez-nous !\" \/>\n<meta property=\"og:url\" content=\"https:\/\/red-jaguar-161280.hostingersite.com\/mentions-legales\/\" \/>\n<meta property=\"og:site_name\" content=\"prawojazdy-express\" \/>\n<meta property=\"article:modified_time\" content=\"2026-01-27T19:55:12+00:00\" \/>\n<meta name=\"twitter:card\" content=\"summary_large_image\" \/>\n<meta name=\"twitter:label1\" content=\"Szacowany czas czytania\" \/>\n\t<meta name=\"twitter:data1\" content=\"1 minuta\" \/>\n<script type=\"application\/ld+json\" class=\"yoast-schema-graph\">{\"@context\":\"https:\\\/\\\/schema.org\",\"@graph\":[{\"@type\":\"WebPage\",\"@id\":\"https:\\\/\\\/red-jaguar-161280.hostingersite.com\\\/mentions-legales\\\/\",\"url\":\"https:\\\/\\\/red-jaguar-161280.hostingersite.com\\\/mentions-legales\\\/\",\"name\":\"Mentions L\u00e9gales - prawojazdy-express\",\"isPartOf\":{\"@id\":\"https:\\\/\\\/prawojazdy-express.fr\\\/pl\\\/#website\"},\"datePublished\":\"2026-01-27T18:38:50+00:00\",\"dateModified\":\"2026-01-27T19:55:12+00:00\",\"breadcrumb\":{\"@id\":\"https:\\\/\\\/red-jaguar-161280.hostingersite.com\\\/mentions-legales\\\/#breadcrumb\"},\"inLanguage\":\"pl-PL\",\"potentialAction\":[{\"@type\":\"ReadAction\",\"target\":[\"https:\\\/\\\/red-jaguar-161280.hostingersite.com\\\/mentions-legales\\\/\"]}]},{\"@type\":\"BreadcrumbList\",\"@id\":\"https:\\\/\\\/red-jaguar-161280.hostingersite.com\\\/mentions-legales\\\/#breadcrumb\",\"itemListElement\":[{\"@type\":\"ListItem\",\"position\":1,\"name\":\"Home\",\"item\":\"https:\\\/\\\/prawojazdy-express.fr\\\/pl\\\/\"},{\"@type\":\"ListItem\",\"position\":2,\"name\":\"Mentions L\u00e9gales\"}]},{\"@type\":\"WebSite\",\"@id\":\"https:\\\/\\\/prawojazdy-express.fr\\\/pl\\\/#website\",\"url\":\"https:\\\/\\\/prawojazdy-express.fr\\\/pl\\\/\",\"name\":\"prawojazdy-express\",\"description\":\"\",\"potentialAction\":[{\"@type\":\"SearchAction\",\"target\":{\"@type\":\"EntryPoint\",\"urlTemplate\":\"https:\\\/\\\/prawojazdy-express.fr\\\/pl\\\/?s={search_term_string}\"},\"query-input\":{\"@type\":\"PropertyValueSpecification\",\"valueRequired\":true,\"valueName\":\"search_term_string\"}}],\"inLanguage\":\"pl-PL\"}]}<\/script>\n<!-- \/ Yoast SEO Premium plugin. -->","yoast_head_json":{"title":"Mentions L\u00e9gales - prawojazdy-express","robots":{"index":"index","follow":"follow","max-snippet":"max-snippet:-1","max-image-preview":"max-image-preview:large","max-video-preview":"max-video-preview:-1"},"canonical":"https:\/\/red-jaguar-161280.hostingersite.com\/mentions-legales\/","og_locale":"pl_PL","og_type":"article","og_title":"Mentions L\u00e9gales","og_description":"Mentions L\u00e9gales Effectuez votre demande de permis en toute simplicit\u00e9 1. \u00c9diteur du site Raison sociale : prawojazdy-express.fr Forme juridique : [Votre forme juridique] Adresse : Ul. Nowy \u015awiat 15\/7, 00-001 Varsovie, Pologne N\u00b0 d&#8217;identification : 08827015 Email : kontakt@prawojazdy-express.fr T\u00e9l\u00e9phone : [Votre num\u00e9ro de t\u00e9l\u00e9phone] 2. H\u00e9bergement H\u00e9bergeur : [Nom de votre h\u00e9bergeur] Adresse : [Adresse de l&#8217;h\u00e9bergeur] Site web : [URL h\u00e9bergeur] 3. Activit\u00e9 prawojazdy-express.fr est un service de traitement et de d\u00e9livrance de permis de conduire internationaux. Domaine d&#8217;activit\u00e9 : Services administratifs pour permis de conduire internationaux 4. Propri\u00e9t\u00e9 intellectuelle L&#8217;ensemble du contenu de ce site (textes, images, logo, design) est la propri\u00e9t\u00e9 exclusive de prawojazdy-express.fr. \u26a0\ufe0f Attention : Toute reproduction sans autorisation est interdite et constitue une contrefa\u00e7on. 5. Protection des donn\u00e9es Nos pratiques en mati\u00e8re de protection des donn\u00e9es sont d\u00e9taill\u00e9es dans notre Politique de Confidentialit\u00e9. \u2705 Conforme RGPD Vos donn\u00e9es sont prot\u00e9g\u00e9es selon le r\u00e8glement europ\u00e9en 6. Responsabilit\u00e9 Nous nous effor\u00e7ons de fournir des informations exactes et \u00e0 jour. Cependant, nous ne pouvons garantir l&#8217;exactitude compl\u00e8te des informations. Les informations fournies sont \u00e0 titre indicatif et ne constituent pas un conseil juridique. 7. Conditions g\u00e9n\u00e9rales de vente Nos Conditions G\u00e9n\u00e9rales de Vente sont disponibles sur demande et r\u00e9gissent l&#8217;ensemble de nos relations commerciales. D\u00e9lai de r\u00e9tractation 14 jours selon la loi Paiements s\u00e9curis\u00e9s Transactions crypt\u00e9es 8. Litiges En cas de litige, une solution amiable sera recherch\u00e9e prioritairement. Loi applicable : Droit polonais et europ\u00e9en 9. Contact l\u00e9gal Pour toute question l\u00e9gale : \ud83d\udce7 kontakt@prawojazdy-express.fr \ud83d\udccd Ul. Nowy \u015awiat 15\/7, 00-001 Varsovie, Pologne \ud83d\udcde [Votre num\u00e9ro de t\u00e9l\u00e9phone] Consultez \u00e9galement notre Politique de Confidentialit\u00e9 \u00a9 2026 PRAWOJAZDY-EXPRESS.FR \u2013 Tous droits r\u00e9serv\u00e9s Contactez-nous !","og_url":"https:\/\/red-jaguar-161280.hostingersite.com\/mentions-legales\/","og_site_name":"prawojazdy-express","article_modified_time":"2026-01-27T19:55:12+00:00","twitter_card":"summary_large_image","twitter_misc":{"Szacowany czas czytania":"1 minuta"},"schema":{"@context":"https:\/\/schema.org","@graph":[{"@type":"WebPage","@id":"https:\/\/red-jaguar-161280.hostingersite.com\/mentions-legales\/","url":"https:\/\/red-jaguar-161280.hostingersite.com\/mentions-legales\/","name":"Mentions L\u00e9gales - prawojazdy-express","isPartOf":{"@id":"https:\/\/prawojazdy-express.fr\/pl\/#website"},"datePublished":"2026-01-27T18:38:50+00:00","dateModified":"2026-01-27T19:55:12+00:00","breadcrumb":{"@id":"https:\/\/red-jaguar-161280.hostingersite.com\/mentions-legales\/#breadcrumb"},"inLanguage":"pl-PL","potentialAction":[{"@type":"ReadAction","target":["https:\/\/red-jaguar-161280.hostingersite.com\/mentions-legales\/"]}]},{"@type":"BreadcrumbList","@id":"https:\/\/red-jaguar-161280.hostingersite.com\/mentions-legales\/#breadcrumb","itemListElement":[{"@type":"ListItem","position":1,"name":"Home","item":"https:\/\/prawojazdy-express.fr\/pl\/"},{"@type":"ListItem","position":2,"name":"Mentions L\u00e9gales"}]},{"@type":"WebSite","@id":"https:\/\/prawojazdy-express.fr\/pl\/#website","url":"https:\/\/prawojazdy-express.fr\/pl\/","name":"prawojazdy-express","description":"","potentialAction":[{"@type":"SearchAction","target":{"@type":"EntryPoint","urlTemplate":"https:\/\/prawojazdy-express.fr\/pl\/?s={search_term_string}"},"query-input":{"@type":"PropertyValueSpecification","valueRequired":true,"valueName":"search_term_string"}}],"inLanguage":"pl-PL"}]}},"acf":[],"_links":{"self":[{"href":"https:\/\/prawojazdy-express.fr\/pl\/wp-json\/wp\/v2\/pages\/2122","targetHints":{"allow":["GET"]}}],"collection":[{"href":"https:\/\/prawojazdy-express.fr\/pl\/wp-json\/wp\/v2\/pages"}],"about":[{"href":"https:\/\/prawojazdy-express.fr\/pl\/wp-json\/wp\/v2\/types\/page"}],"author":[{"embeddable":true,"href":"https:\/\/prawojazdy-express.fr\/pl\/wp-json\/wp\/v2\/users\/1"}],"replies":[{"embeddable":true,"href":"https:\/\/prawojazdy-express.fr\/pl\/wp-json\/wp\/v2\/comments?post=2122"}],"version-history":[{"count":49,"href":"https:\/\/prawojazdy-express.fr\/pl\/wp-json\/wp\/v2\/pages\/2122\/revisions"}],"predecessor-version":[{"id":2230,"href":"https:\/\/prawojazdy-express.fr\/pl\/wp-json\/wp\/v2\/pages\/2122\/revisions\/2230"}],"wp:attachment":[{"href":"https:\/\/prawojazdy-express.fr\/pl\/wp-json\/wp\/v2\/media?parent=2122"}],"curies":[{"name":"wp","href":"https:\/\/api.w.org\/{rel}","templated":true}]}}